{"id":804,"date":"2016-08-29T11:58:00","date_gmt":"2016-08-29T09:58:00","guid":{"rendered":"http:\/\/www.forteam.it\/de\/?page_id=804"},"modified":"2021-02-08T14:32:19","modified_gmt":"2021-02-08T13:32:19","slug":"home-forteam-ausbildung-beratung","status":"publish","type":"page","link":"https:\/\/www.forteam.it\/de\/home-forteam-ausbildung-beratung\/","title":{"rendered":"Home &#8211; ForTeam Ausbildung &#038; Beratung"},"content":{"rendered":"<p>[et_pb_section fb_built=&#8220;1&#8243; custom_padding_last_edited=&#8220;on|desktop&#8220; admin_label=&#8220;section&#8220; _builder_version=&#8220;3.22&#8243; background_color=&#8220;#ffffff&#8220; background_image=&#8220;http:\/\/www.forteam.it\/\/wp-content\/uploads\/2015\/06\/Slider_ForTeam_Studio_1-1024&#215;3641.jpg&#8220; parallax=&#8220;on&#8220; parallax_method=&#8220;off&#8220; custom_padding_tablet=&#8220;50px|0|50px|0&#8243; custom_padding_phone=&#8220;&#8220; transparent_background=&#8220;off&#8220; padding_mobile=&#8220;off&#8220;][et_pb_row padding_mobile=&#8220;off&#8220; admin_label=&#8220;row&#8220; module_id=&#8220;Chisiamo&#8220; _builder_version=&#8220;3.25&#8243; background_size=&#8220;initial&#8220; background_position=&#8220;top_left&#8220; background_repeat=&#8220;repeat&#8220;][et_pb_column type=&#8220;4_4&#8243; _builder_version=&#8220;3.25&#8243; custom_padding=&#8220;|||&#8220; custom_padding__hover=&#8220;|||&#8220;][et_pb_text admin_label=&#8220;Chi siamo&#8220; module_id=&#8220;Chi siamo&#8220; _builder_version=&#8220;3.27.4&#8243; background_size=&#8220;initial&#8220; background_position=&#8220;top_left&#8220; background_repeat=&#8220;repeat&#8220;]<\/p>\n<h1>\u00dcber uns<\/h1>\n<p>ForTeam ist eine <em>Knowledge Company<\/em>, die aus Experten besteht, welche Erfahrung in verschiedenen Arbeitsumfeldern vorweisen k\u00f6nnen. Wir unterst\u00fctzen unsere Kunden mit Fachkompetenzen bei Entwicklungsprozessen und Organisationsver\u00e4nderungen.<\/p>\n<p>Wir begleiten den Kunden bei den verschiedenen Arbeitsg\u00e4ngen des Ver\u00e4nderungsprozesses: organisatorische Beratung und innovative Forschung, Identifizierung der Bildungsbed\u00fcrfnisse, Suche und Einstufung der Fachkr\u00e4fte.<\/p>\n<p>Bei der Planung und Umsetzung der Ausbildungsma\u00dfnahmen bieten wir innovative ma\u00dfgeschneiderte L\u00f6sungen: Wir achten vor allem auf die Besonderheiten des Projektes, indem wir eine Gruppe von ausgezeichneten Lehrern zur Verf\u00fcgung stellen, die f\u00fcr den Kunden am besten in Frage kommen.<br \/>\n[\/et_pb_text][\/et_pb_column][\/et_pb_row][et_pb_row admin_label=&#8220;row&#8220; _builder_version=&#8220;3.25&#8243; background_size=&#8220;initial&#8220; background_position=&#8220;top_left&#8220; background_repeat=&#8220;repeat&#8220;][et_pb_column type=&#8220;4_4&#8243; _builder_version=&#8220;3.25&#8243; custom_padding=&#8220;|||&#8220; custom_padding__hover=&#8220;|||&#8220;][et_pb_text admin_label=&#8220;I soci&#8220; module_id=&#8220;Isoci&#8220; _builder_version=&#8220;3.27.4&#8243; background_size=&#8220;initial&#8220; background_position=&#8220;top_left&#8220; background_repeat=&#8220;repeat&#8220;]<\/p>\n<h1>Gesellschafter<\/h1>\n<p>[\/et_pb_text][\/et_pb_column][\/et_pb_row][et_pb_row padding_mobile=&#8220;off&#8220; admin_label=&#8220;row&#8220; module_id=&#8220;Soci&#8220; _builder_version=&#8220;3.25&#8243; background_size=&#8220;initial&#8220; background_position=&#8220;top_left&#8220; background_repeat=&#8220;repeat&#8220; column_structure=&#8220;1_2,1_2&#8243;][et_pb_column type=&#8220;1_2&#8243; _builder_version=&#8220;3.25&#8243; custom_padding=&#8220;|||&#8220; custom_padding__hover=&#8220;|||&#8220;][et_pb_team_member name=&#8220;Riccardo Cicolini&#8220; position=&#8220;Gesellschafter&#8220; image_url=&#8220;https:\/\/www.forteam.it\/wp-content\/uploads\/2015\/06\/riccardo.jpg&#8220; facebook_url=&#8220;https:\/\/www.facebook.com\/riccardo.cicolini&#8220; linkedin_url=&#8220;https:\/\/www.linkedin.com\/profile\/view?id=91855569&#8243; admin_label=&#8220;Riccardo&#8220; _builder_version=&#8220;3.21.4&#8243; background_size=&#8220;initial&#8220; background_position=&#8220;top_left&#8220; background_repeat=&#8220;repeat&#8220;]Riccardo Cicolini, von 1992 bis 2011 Angestellter der Autonomen Provinz Bozen in der Abteilung 21 Bereich italienische Berufsbildung bei der Landesberufsschule f\u00fcr Handwerk und Industrie L. Einaudi. Ab 1998 Projektleiter im Bereich Bildung, sowie Mitglied verschiedener fachlich-wissenschaftlicher Aussch\u00fcsse und Koordinator von ESF-finanzierten Projekten als Supervisor. Im Jahr 2003 zum Stellvertretenden Direktor, ab 2006 als Koordinator der Aus- und Weiterbildung des Personals und der finanzierten Projekte gew\u00e4hlt, von 2008 bis 2010 als Gesch\u00e4ftsf\u00fchrender Direktor t\u00e4tig. Zur Zeit als Gesch\u00e4ftsf\u00fchrer von ForTeam GmbH in Bozen, Unternehmen in den Bereichen der Projektierung sowie der st\u00e4ndigen Fort- und Weiterbildung und ForTeam Studio GmbH mit Sitz in Trient, Partnerunternehmen von ForTeam GmbH in Bozen welches zus\u00e4tzlich noch im Bereich der Personalsuche spezialisiert ist und von 2008 bis 2016 als t\u00e4tig, Gesch\u00e4ftstr\u00e4ger der Delegation Trentino S\u00fcdtirol von der \u201eAssociazione Italiana Formatori\u201c.<br \/>\n[\/et_pb_team_member][\/et_pb_column][et_pb_column type=&#8220;1_2&#8243; _builder_version=&#8220;3.25&#8243; custom_padding=&#8220;|||&#8220; custom_padding__hover=&#8220;|||&#8220;][et_pb_team_member name=&#8220;Marco Caresia&#8220; position=&#8220;Gesellschafter&#8220; image_url=&#8220;https:\/\/www.forteam.it\/wp-content\/uploads\/2015\/06\/Marco.jpg&#8220; facebook_url=&#8220;https:\/\/www.facebook.com\/caresia&#8220; twitter_url=&#8220;http:\/\/www.twitter.com\/caresia&#8220; linkedin_url=&#8220;http:\/\/www.linkedin.com\/in\/caresia&#8220; admin_label=&#8220;Marco&#8220; _builder_version=&#8220;3.21.4&#8243; background_size=&#8220;initial&#8220; background_position=&#8220;top_left&#8220; background_repeat=&#8220;repeat&#8220;]Marco Caresia, von 2000 bis 2012 Angestellter der Autonomen Provinz Bozen in der Abteilung 21 Bereich italienische Berufsbildung bei der Landesberufsschule f\u00fcr Handwerk und Industrie L. Einaudi als Lehrer im Fach Informatik t\u00e4tig. Von 2006 bis 2011 unter anderem Projektleiter und \u2013koordinator von Fort- und Weiterbildungskursen am Arbeitsplatz im Sachgebiet Informatik und von FSE finanzierten Kursen. Interne verantwortliche Person f\u00fcr das Akkreditierungssystem bzgl. ESF sowie verantwortliche Person f\u00fcr den Erhalt der Qualit\u00e4t nach ISO 9001 Standards. Ein Werdegang der es erlaubt hat zahlreiche Kompetenzen in den Bereichen der Organisation, Bef\u00f6rderung, Realisierung, \u00dcberwachung und Evaluierung von Bildungsangeboten zu entwickeln (\u00fcber 600 Einheiten von Fort- und Weiterbildungskursen am Arbeitsplatz). Referent f\u00fcr e-learning Projekten sowie Publikation von zahlreichen Artikeln \u00fcber die Lehrt\u00e4tigkeit mittels neuen Technologien.<\/p>\n<p>Seit 2016 Gesellschafter der Delegation Trentino S\u00fcdtirol Associazione Italiana Formatori.<br \/>\n[\/et_pb_team_member][\/et_pb_column][\/et_pb_row][\/et_pb_section][et_pb_section fb_built=&#8220;1&#8243; admin_label=&#8220;section&#8220; _builder_version=&#8220;3.22&#8243; background_color=&#8220;#ffffff&#8220; transparent_background=&#8220;off&#8220;][et_pb_row admin_label=&#8220;row&#8220; _builder_version=&#8220;3.25&#8243; background_size=&#8220;initial&#8220; background_position=&#8220;top_left&#8220; background_repeat=&#8220;repeat&#8220;][et_pb_column type=&#8220;4_4&#8243; _builder_version=&#8220;3.25&#8243; custom_padding=&#8220;|||&#8220; custom_padding__hover=&#8220;|||&#8220;][et_pb_text admin_label=&#8220;La nostra vision&#8220; module_id=&#8220;Lanostravision&#8220; _builder_version=&#8220;3.27.4&#8243; background_size=&#8220;initial&#8220; background_position=&#8220;top_left&#8220; background_repeat=&#8220;repeat&#8220;]<\/p>\n<h2>Unsere Vision<\/h2>\n<p>ForTeam hat die pers\u00f6nliche und berufliche Entwicklung der Menschen zum Ziel, mittels der Berufsbildung und der Beratung im bildenden und organisatorischen Bereich.<\/p>\n<p>Dank unserer vielseitigen Erfahrungen k\u00f6nnen wir Instituten und Betrieben bei ihrer strategischen Aufwertung und organisatorischen Revision helfen, indem wir mit dem Kunden ein konkretes Ziel zur Erreichung eines effektiven und Ausschlag gebenden Qualit\u00e4tssprungs ausarbeiten.<\/p>\n<p>Und um die Ideen in die Wirklichkeit umzusetzen und die Verbesserungen wahrnehmbar zu machen, werden innovative Ma\u00dfnahmen und Methoden angewendet, bei welchen die Person im Mittelpunkt steht, die dann das Herz der Ver\u00e4nderung des eigenen Betriebes ist. Einen wirklichen Qualit\u00e4tssprung erreicht man nur, wenn man die Menschen im Projekt in den Mittelpunkt stellt, die dann mit der Direktion einen Pakt schlie\u00dfen, um die Produktionsfaktoren am besten zu nutzen, im Interesse aller Stakeholder.<\/p>\n<p>Unsere Methode geht in diese Richtung und durch unser Netzwerk aus professionellen Lehrkr\u00e4ften helfen wir unseren Kunden, diese \u00dcberlegungen anzustellen und die Ver\u00e4nderung dann in die Tat umzusetzen.<\/p>\n<p>Wissen zu erweitern, das Wachstum von Berufsbeziehungen zu f\u00f6rdern, die vorhandenen Kompetenzen zu entwickeln und zu best\u00e4tigen geh\u00f6rt ebenfalls zu unseren Aufgaben.<br \/>\n[\/et_pb_text][\/et_pb_column][\/et_pb_row][\/et_pb_section][et_pb_section fb_built=&#8220;1&#8243; admin_label=&#8220;section&#8220; _builder_version=&#8220;3.22&#8243; background_color=&#8220;#ffffff&#8220; transparent_background=&#8220;off&#8220;][et_pb_row admin_label=&#8220;row&#8220; _builder_version=&#8220;3.25&#8243; background_size=&#8220;initial&#8220; background_position=&#8220;top_left&#8220; background_repeat=&#8220;repeat&#8220;][et_pb_column type=&#8220;4_4&#8243; _builder_version=&#8220;3.25&#8243; custom_padding=&#8220;|||&#8220; custom_padding__hover=&#8220;|||&#8220;][et_pb_text admin_label=&#8220;I nostri valori&#8220; module_id=&#8220;Inostrivalori&#8220; _builder_version=&#8220;3.27.4&#8243; background_size=&#8220;initial&#8220; background_position=&#8220;top_left&#8220; background_repeat=&#8220;repeat&#8220;]<\/p>\n<h1>Unsere Werte<\/h1>\n<p>Wir glauben, dass in der heutigen Wissensgemeinschaft die Fortbildung der Erwachsenen, die Kompetenzen, die Professionalit\u00e4t und die Innovationsbed\u00fcrfnisse wichtig, vorrangig und unabdingbar sind.<\/p>\n<p>Wir sind uns bewusst, dass heutzutage die Bildung und das Wissen-Kompetenzen Netzwerk sehr wichtig f\u00fcr die Entwicklung, das Wachstum, die Fortdauer und die Schaffung von Werten sind, als wirtschaftliche sowie soziale Hilfe f\u00fcr die Person, die Organisation, das lokale Gebiet, den Staat.<\/p>\n<p>F\u00fcr uns muss die Person die Hauptakteurin ihres Lernprozesses und ihrer Verhaltens\u00e4nderung sein und im Mittelpunkt ihrer pers\u00f6nlichen und beruflichen Entwicklung innerhalb der sozialen, Organisations- und kulturellen Systeme stehen, ihre nat\u00fcrliche Umgebung, in der sie sich bewegt.<br \/>\n[\/et_pb_text][\/et_pb_column][\/et_pb_row][\/et_pb_section]<\/p>\n","protected":false},"excerpt":{"rendered":"<p>ForTeam, Firma aus Bozen, Bedarfsanalyse, Akkreditierung, Projektierung u. Ausf\u00fcllen der Ansuchen der Finanzierungsm\u00f6glichkeiten: Innovation, Europ\u00e4ischer Sozialfonds, Europ\u00e4ischer Fonds f\u00fcr regionale Entwicklung, Berufs\u00fcbergreifende Fonds, Verg\u00fcnstigungen LG 13\/97, Bildungsgutscheine LG 29\/77.<\/p>\n","protected":false},"author":1,"featured_media":0,"parent":0,"menu_order":0,"comment_status":"closed","ping_status":"closed","template":"","meta":{"_et_pb_use_builder":"on","_et_pb_old_content":"<p>[et_pb_section][et_pb_row][et_pb_column type=\"4_4\"][et_pb_text admin_label=\"Testo\" \/][\/et_pb_column][\/et_pb_row][\/et_pb_section]<\/p>","_et_gb_content_width":"","cybocfi_hide_featured_image":"","footnotes":""},"class_list":["post-804","page","type-page","status-publish","hentry"],"_links":{"self":[{"href":"https:\/\/www.forteam.it\/de\/wp-json\/wp\/v2\/pages\/804","targetHints":{"allow":["GET"]}}],"collection":[{"href":"https:\/\/www.forteam.it\/de\/wp-json\/wp\/v2\/pages"}],"about":[{"href":"https:\/\/www.forteam.it\/de\/wp-json\/wp\/v2\/types\/page"}],"author":[{"embeddable":true,"href":"https:\/\/www.forteam.it\/de\/wp-json\/wp\/v2\/users\/1"}],"replies":[{"embeddable":true,"href":"https:\/\/www.forteam.it\/de\/wp-json\/wp\/v2\/comments?post=804"}],"version-history":[{"count":0,"href":"https:\/\/www.forteam.it\/de\/wp-json\/wp\/v2\/pages\/804\/revisions"}],"wp:attachment":[{"href":"https:\/\/www.forteam.it\/de\/wp-json\/wp\/v2\/media?parent=804"}],"curies":[{"name":"wp","href":"https:\/\/api.w.org\/{rel}","templated":true}]}}