{"id":5305,"date":"2025-01-19T18:22:49","date_gmt":"2025-01-19T17:22:49","guid":{"rendered":"https:\/\/www.forteam.it\/ausbildung-fuer-privatisten-innen-auf-die-qualifikation-als-pflegehelfer-in-firmian\/"},"modified":"2025-01-19T18:22:51","modified_gmt":"2025-01-19T17:22:51","slug":"ausbildung-fuer-privatisten-innen-auf-die-qualifikation-als-pflegehelfer-in-firmian","status":"publish","type":"page","link":"https:\/\/www.forteam.it\/de\/ausbildung-fuer-privatisten-innen-auf-die-qualifikation-als-pflegehelfer-in-firmian\/","title":{"rendered":"Ausbildung f\u00fcr Privatisten\/innen auf die Qualifikation als Pflegehelfer\/in &#8211; Firmian"},"content":{"rendered":"<p>[et_pb_section fb_built=&#8220;1&#8243; _builder_version=&#8220;4.24.3&#8243; _module_preset=&#8220;default&#8220; global_colors_info=&#8220;{}&#8220;][et_pb_row _builder_version=&#8220;4.24.3&#8243; _module_preset=&#8220;default&#8220; global_colors_info=&#8220;{}&#8220;][et_pb_column type=&#8220;4_4&#8243; _builder_version=&#8220;4.24.3&#8243; _module_preset=&#8220;default&#8220; global_colors_info=&#8220;{}&#8220;][et_pb_image src=&#8220;https:\/\/www.forteam.it\/wp-content\/uploads\/2024\/03\/EN_CI-Co-funded-Rep-Prov_horizontal_POS.png&#8220; title_text=&#8220;EN_CI-Co-funded-Rep-Prov_vertical_POS&#8220; src_tablet=&#8220;https:\/\/www.forteam.it\/wp-content\/uploads\/2024\/03\/EN_CI-Co-funded-Rep-Prov_horizontal_POS.png&#8220; src_phone=&#8220;https:\/\/www.forteam.it\/wp-content\/uploads\/2024\/03\/EN_CI-Co-funded-Rep-Prov_vertical_POS.png&#8220; src_last_edited=&#8220;on|phone&#8220; admin_label=&#8220;Logo FSE&#8220; _builder_version=&#8220;4.24.3&#8243; _module_preset=&#8220;default&#8220; global_colors_info=&#8220;{}&#8220;][\/et_pb_image][et_pb_text admin_label=&#8220;Informativa&#8220; _builder_version=&#8220;4.24.3&#8243; _module_preset=&#8220;default&#8220; global_colors_info=&#8220;{}&#8220;]Durch das ESF+ Programm 2021-2027, die Italienische Republik und die autonome Provinz Bozen \u2013 S\u00fcdtirol im Rahmen des \u00f6ffentlichen Aufrufes &#8222;Weiterbildungsma\u00dfnahmen zur Vorbereitung von Privatisten und Privatistinnen auf die berufliche Qualifikation als Pflegehelferin und Pflegehelfer \u2013 Jahr 2024\/2025&#8243;, Priorit\u00e0 3 Soziale Inklusion \u2013 Spezifisches Ziel k PR ESF+ 2021-2027 vom 30\/05\/2024 &#8211; n. D240008119[\/et_pb_text][et_pb_text admin_label=&#8220;Titolo e ambito&#8220; _builder_version=&#8220;4.24.3&#8243; _module_preset=&#8220;default&#8220; custom_padding=&#8220;0px|||||&#8220; global_colors_info=&#8220;{}&#8220;]<\/p>\n<p>Projektnummer: ESF3_k2_0011<\/p>\n<h2>Projekttitel: Ausbildung f\u00fcr Privatisten\/innen auf die Qualifikation als Pflegehelfer\/in &#8211; Firmian<\/h2>\n<p><strong>\u00a0<\/strong><\/p>\n<p><strong>Bereich: Pflege<\/strong><\/p>\n<p>[\/et_pb_text][et_pb_image src=&#8220;https:\/\/www.forteam.it\/wp-content\/uploads\/2022\/10\/oss.webp&#8220; title_text=&#8220;oss&#8220; align=&#8220;center&#8220; _builder_version=&#8220;4.27.4&#8243; _module_preset=&#8220;default&#8220; width=&#8220;50%&#8220; max_width=&#8220;50%&#8220; global_colors_info=&#8220;{}&#8220;][\/et_pb_image][\/et_pb_column][\/et_pb_row][et_pb_row column_structure=&#8220;1_2,1_2&#8243; _builder_version=&#8220;4.24.3&#8243; _module_preset=&#8220;default&#8220; global_colors_info=&#8220;{}&#8220;][et_pb_column type=&#8220;1_2&#8243; _builder_version=&#8220;4.24.3&#8243; _module_preset=&#8220;default&#8220; global_colors_info=&#8220;{}&#8220;][et_pb_text admin_label=&#8220;Descrizione sintetica&#8220; _builder_version=&#8220;4.24.3&#8243; _module_preset=&#8220;default&#8220; global_colors_info=&#8220;{}&#8220;]<\/p>\n<h3>Zusammenfassung des Projekts:<\/h3>\n<p>Das Projekt wird dazu beitragen, den erheblichen Bedarf an Pflegehelfer\/innen in der Provinz Bozen zu decken, der angesichts der stetigen steigenden Lebenserwartung und der Pensionierungen der derzeitigen Pflegehelfer\/innen zunehmen wird.<br \/>Das Projekt zielt darauf ab, die Kenntnisse, F\u00e4higkeiten, Kompetenzen und Verhaltensweisen zu entwickeln, die von Pflegehelfer\/innen verlangt werden. Der Kurs umfasst 625 Stunden theoretischen und praktischen Unterricht sowie 450 Stunden Praktikum und soll die Teilnehmerinnen und Teilnehmer darauf vorbereiten, die Privatpr\u00fcfung erfolgreich zu bestehen, um die notwendige Qualifikation f\u00fcr die Aus\u00fcbung des Berufs zu erlangen.<br \/>\nDie Teilnehmerinnen und Teilnehmer werden Kompetenzen in den folgenden Disziplinarbereichen entwickeln: soziokultureller, institutioneller und gesetzlicher Bereich; psychologischer und soziologischer Bereich; hygienisch-sanit\u00e4re und pflegerische Bereich.\n<\/p>\n<p>[\/et_pb_text][et_pb_text admin_label=&#8220;Servizi&#8220; _builder_version=&#8220;4.27.4&#8243; _module_preset=&#8220;default&#8220; global_colors_info=&#8220;{}&#8220;]<\/p>\n<h3>Zus\u00e4tzliche Dienstleistungen:<\/h3>\n<p>Es werden Ma\u00dfnahmen ergriffen, um die Teilnahme f\u00fcr die gr\u00f6\u00dftm\u00f6gliche Anzahl von Teilnehmern zu erleichtern. Zu diesem Zweck kann bei Bedarf ein Kinderbetreuungs-\/Nachmittagsbetreuungsdienst im \u201eFirmian\u201c-Zentrum auf Kosten von ForTeam und au\u00dferhalb des Projekts eingerichtet werden, um die Teilnahme von Teilnehmer\/innen mit Kindern zu unterst\u00fctzen. Zur Unterst\u00fctzung der sprachlichen Ausbildung wird jedem Teilnehmer f\u00fcr die Kursdauer eine Speexx-Lizenz f\u00fcr das Online-Sprachenlernen bereitgestellt.<\/p>\n<p>[\/et_pb_text][et_pb_text admin_label=&#8220;Durate&#8220; _builder_version=&#8220;4.24.3&#8243; _module_preset=&#8220;default&#8220; global_colors_info=&#8220;{}&#8220;]<\/p>\n<h3>Gesamtdauer:<\/h3>\n<p>625 Unterrichtsstunden<br \/>450 Stunden Praktikum<\/p>\n<p>[\/et_pb_text][\/et_pb_column][et_pb_column type=&#8220;1_2&#8243; _builder_version=&#8220;4.24.3&#8243; _module_preset=&#8220;default&#8220; global_colors_info=&#8220;{}&#8220;][et_pb_text admin_label=&#8220;Destinatari&#8220; _builder_version=&#8220;4.27.4&#8243; _module_preset=&#8220;default&#8220; global_colors_info=&#8220;{}&#8220;]<\/p>\n<h3>Beschreibung der Zielgruppe der Ma\u00dfnahme:<\/h3>\n<p>Die Zielgruppe sind Personen mit Wohnsitz oder Domizil in der Autonomen Provinz Bozen, die zum Zeitpunkt der Einschreibung in den Weiterbildungskurs das 17. Lebensjahr vollendet haben und \u00fcber den Pflichtschulabschluss verf\u00fcgen (acht Jahre).<br \/>\nDie Teilnehmer und Teilnehmerinnen an der Ausbildung und am Stage m\u00fcssen die geltenden gesetzlichen Bestimmungen f\u00fcr das Berufsbild der Pflegehelferin und des Pflegehelfers einhalten.<br \/>\nAusgeschlossen sind:<br \/>\n <br \/>&#8211; Teilnehmer\/innen, die in Kursfolgen eingeschrieben sind, um ihre Bildungspflicht zu erf\u00fcllen; <br \/>&#8211; Selbst\u00e4ndige Arbeitnehmerinnen und Arbeitnehmer, Freiberufler\/innen, die ihre T\u00e4tigkeit als Einzelperson, in Gemeinschaftsformen oder als Gesellschaft aus\u00fcben.<br \/>Bei der Auswahl wird die Motivation der BewerberInnen bewertet, an einer anspruchsvollen Ausbildung teilzunehmen und einen Beruf auszu\u00fcben, der die Betreuung von Kranken und \u00e4lteren Menschen sowie die Einhaltung eines bestimmten Verhaltenskodex vorsieht.<\/p>\n<p>[\/et_pb_text][et_pb_text admin_label=&#8220;Certificazioni&#8220; _builder_version=&#8220;4.24.3&#8243; _module_preset=&#8220;default&#8220; global_colors_info=&#8220;{}&#8220;]<\/p>\n<h3>Bescheinigungen:<\/h3>\n<p>Ziel des Projekts ist es, die Qualifikationspr\u00fcfung als Externer an der Berufsschule zu bestehen. Die Qualifikationspr\u00fcfung besteht aus einer Theoriepr\u00fcfung sowie einer praktischen Pr\u00fcfung, die darauf abzielt, das Erlernen der theoretischen Kenntnisse und den Erwerb der praktischen und technischen F\u00e4higkeiten und Fertigkeiten, die im Profil vorgesehen sind, zu \u00fcberpr\u00fcfen, gem\u00e4\u00df den geltenden Vorschriften, organisiert und durchgef\u00fchrt nach den Grunds\u00e4tzen der Transparenz und Nachvollziehbarkeit der Verfahren. Die Teilnehmer\/innen werden au\u00dferdem dabei unterst\u00fctzt, mindestens das Niveau B1 in der ersten Sprache und mindestens das Niveau A2 in der zweiten Sprache zu erreichen; f\u00fcr alle Teilnehmer\/innen wird das Sprachniveau durch die Best\u00e4tigung der Lernergebnisse der erworbenen Kompetenzen. Die Teilnehmer, die die entsprechenden Module erfolgreich besucht haben, erhalten die entsprechenden Zertifikate HACCP und GvD 81\/2008. Das Bestehen der Module wird durch Open Badges zertifiziert.<\/p>\n<p>[\/et_pb_text][\/et_pb_column][\/et_pb_row][et_pb_row _builder_version=&#8220;4.27.4&#8243; _module_preset=&#8220;default&#8220; global_colors_info=&#8220;{}&#8220;][et_pb_column type=&#8220;4_4&#8243; _builder_version=&#8220;4.27.4&#8243; _module_preset=&#8220;default&#8220; global_colors_info=&#8220;{}&#8220;][et_pb_text admin_label=&#8220;Moduli&#8220; _builder_version=&#8220;4.24.3&#8243; _module_preset=&#8220;default&#8220; global_colors_info=&#8220;{}&#8220;]<\/p>\n<h3>Liste der Module:<\/h3>\n<p>Soziale und Gesundheitsdienste, Gesetzgebung \t25<\/p>\n<p>Erste Sprache italienisch\/deutsch \t25<\/p>\n<p>Zweite Sprache italienisch\/deutsch \t42<\/p>\n<p>Psychologie, Kommunikation \t108<\/p>\n<p>Gerontopsychiatrie \t33<\/p>\n<p>Soziologie \t25<\/p>\n<p>Ethik und Deontologie \t17<\/p>\n<p>Ern\u00e4hrungslehre und Hauswirtschaft \t50<\/p>\n<p>Praxis und Methodenlehre \t33<\/p>\n<p>Pflege, Erste Hilfe und Rehabilitation (Anatomie und Physiologie), Hygiene \t267<\/p>\n<p>Stage \t450<\/p>\n<p>[\/et_pb_text][\/et_pb_column][\/et_pb_row][et_pb_row _builder_version=&#8220;4.24.3&#8243; _module_preset=&#8220;default&#8220; global_colors_info=&#8220;{}&#8220;][et_pb_column type=&#8220;4_4&#8243; _builder_version=&#8220;4.24.3&#8243; _module_preset=&#8220;default&#8220; global_colors_info=&#8220;{}&#8220;][et_pb_text _builder_version=&#8220;4.24.3&#8243; _module_preset=&#8220;default&#8220; global_colors_info=&#8220;{}&#8220;]<\/p>\n<p><em><strong>Projektinformationen Link: <\/strong><\/em><a href=\"https:\/\/fse-esf.civis.bz.it\/preiscrizioni_2127\/prj\/194\/show%20\">https:\/\/fse-esf.civis.bz.it\/preiscrizioni_2127\/prj\/194\/show\u00a0 <\/a><\/p>\n<p>Datum der letzten Aktualisierung: 19.01.2025<\/p>\n<p>[\/et_pb_text][et_pb_contact_form email=&#8220;marco.caresia@forteam.it&#8220; title=&#8220;Weitere Informationen:&#8220; custom_message=&#8220;Nome: %%Nome%%||et_pb_line_break_holder||||et_pb_line_break_holder||Email: %%Email%%||et_pb_line_break_holder||||et_pb_line_break_holder||Cellulare: %%Cellulare%%||et_pb_line_break_holder||||et_pb_line_break_holder||Privacy: %%Privacy%%||et_pb_line_break_holder||||et_pb_line_break_holder||Corso: OSS FIRMIAN DE||et_pb_line_break_holder||||et_pb_line_break_holder||&#8220; _builder_version=&#8220;4.27.4&#8243; _module_preset=&#8220;default&#8220; custom_padding=&#8220;|38px||||&#8220; global_colors_info=&#8220;{}&#8220;][et_pb_contact_field field_id=&#8220;Nome&#8220; field_title=&#8220;Name und Nachname&#8220; _builder_version=&#8220;4.16&#8243; global_colors_info=&#8220;{}&#8220; button_text_size__hover_enabled=&#8220;off&#8220; button_one_text_size__hover_enabled=&#8220;off&#8220; button_two_text_size__hover_enabled=&#8220;off&#8220; button_text_color__hover_enabled=&#8220;off&#8220; button_one_text_color__hover_enabled=&#8220;off&#8220; button_two_text_color__hover_enabled=&#8220;off&#8220; button_border_width__hover_enabled=&#8220;off&#8220; button_one_border_width__hover_enabled=&#8220;off&#8220; button_two_border_width__hover_enabled=&#8220;off&#8220; button_border_color__hover_enabled=&#8220;off&#8220; button_one_border_color__hover_enabled=&#8220;off&#8220; button_two_border_color__hover_enabled=&#8220;off&#8220; button_border_radius__hover_enabled=&#8220;off&#8220; button_one_border_radius__hover_enabled=&#8220;off&#8220; button_two_border_radius__hover_enabled=&#8220;off&#8220; button_letter_spacing__hover_enabled=&#8220;off&#8220; button_one_letter_spacing__hover_enabled=&#8220;off&#8220; button_two_letter_spacing__hover_enabled=&#8220;off&#8220; button_bg_color__hover_enabled=&#8220;off&#8220; button_one_bg_color__hover_enabled=&#8220;off&#8220; button_two_bg_color__hover_enabled=&#8220;off&#8220;][\/et_pb_contact_field][et_pb_contact_field field_id=&#8220;Email&#8220; field_title=&#8220;E-Mailadresse&#8220; field_type=&#8220;email&#8220; _builder_version=&#8220;4.16&#8243; global_colors_info=&#8220;{}&#8220; button_text_size__hover_enabled=&#8220;off&#8220; button_one_text_size__hover_enabled=&#8220;off&#8220; button_two_text_size__hover_enabled=&#8220;off&#8220; button_text_color__hover_enabled=&#8220;off&#8220; button_one_text_color__hover_enabled=&#8220;off&#8220; button_two_text_color__hover_enabled=&#8220;off&#8220; button_border_width__hover_enabled=&#8220;off&#8220; button_one_border_width__hover_enabled=&#8220;off&#8220; button_two_border_width__hover_enabled=&#8220;off&#8220; button_border_color__hover_enabled=&#8220;off&#8220; button_one_border_color__hover_enabled=&#8220;off&#8220; button_two_border_color__hover_enabled=&#8220;off&#8220; button_border_radius__hover_enabled=&#8220;off&#8220; button_one_border_radius__hover_enabled=&#8220;off&#8220; button_two_border_radius__hover_enabled=&#8220;off&#8220; button_letter_spacing__hover_enabled=&#8220;off&#8220; button_one_letter_spacing__hover_enabled=&#8220;off&#8220; button_two_letter_spacing__hover_enabled=&#8220;off&#8220; button_bg_color__hover_enabled=&#8220;off&#8220; button_one_bg_color__hover_enabled=&#8220;off&#8220; button_two_bg_color__hover_enabled=&#8220;off&#8220;][\/et_pb_contact_field][et_pb_contact_field field_id=&#8220;Cellulare&#8220; field_title=&#8220;Handynummer&#8220; _builder_version=&#8220;4.16&#8243; global_colors_info=&#8220;{}&#8220; button_text_size__hover_enabled=&#8220;off&#8220; button_one_text_size__hover_enabled=&#8220;off&#8220; button_two_text_size__hover_enabled=&#8220;off&#8220; button_text_color__hover_enabled=&#8220;off&#8220; button_one_text_color__hover_enabled=&#8220;off&#8220; button_two_text_color__hover_enabled=&#8220;off&#8220; button_border_width__hover_enabled=&#8220;off&#8220; button_one_border_width__hover_enabled=&#8220;off&#8220; button_two_border_width__hover_enabled=&#8220;off&#8220; button_border_color__hover_enabled=&#8220;off&#8220; button_one_border_color__hover_enabled=&#8220;off&#8220; button_two_border_color__hover_enabled=&#8220;off&#8220; button_border_radius__hover_enabled=&#8220;off&#8220; button_one_border_radius__hover_enabled=&#8220;off&#8220; button_two_border_radius__hover_enabled=&#8220;off&#8220; button_letter_spacing__hover_enabled=&#8220;off&#8220; button_one_letter_spacing__hover_enabled=&#8220;off&#8220; button_two_letter_spacing__hover_enabled=&#8220;off&#8220; button_bg_color__hover_enabled=&#8220;off&#8220; button_one_bg_color__hover_enabled=&#8220;off&#8220; button_two_bg_color__hover_enabled=&#8220;off&#8220;][\/et_pb_contact_field][et_pb_contact_field field_id=&#8220;Privacy&#8220; field_title=&#8220;Im Sinne und unter Ber\u00fccksichtigung der Artikel 6, 7, 12 und 13 der EU-Verordnung 2016\/679-GDPR erkl\u00e4re ich mit dem Klicken auf %22Senden%22, dass ich die Informationen zur Verarbeitung personenbezogener Daten zur Kenntnis genommen habe. In Bezug auf die Verarbeitung meiner personenbezogenen Daten f\u00fcr den Zweck B) der Informationen &#8211; Direktmarketing, stimme ich der Verarbeitung meiner Daten f\u00fcr den Versand von Informations- und Werbematerial, auch per E-Mail, Newsletter und SMS, zu.&#8220; field_type=&#8220;radio&#8220; radio_options=&#8220;%91{%22value%22:%22stimme ich der Verarbeitung zu.%22,%22checked%22:0,%22dragID%22:-1},{%22value%22:%22widerspreche ich der Verarbeitung.%22,%22checked%22:0,%22dragID%22:0}%93&#8243; fullwidth_field=&#8220;on&#8220; _builder_version=&#8220;4.16&#8243; _dynamic_attributes=&#8220;link_option_url&#8220; _module_preset=&#8220;default&#8220; link_option_url=&#8220;@ET-DC@eyJkeW5hbWljIjp0cnVlLCJjb250ZW50IjoicG9zdF9saW5rX3VybF9wYWdlIiwic2V0dGluZ3MiOnsicG9zdF9pZCI6IjE2MTIifX0=@&#8220; link_option_url_new_window=&#8220;on&#8220; global_colors_info=&#8220;{}&#8220;][\/et_pb_contact_field][\/et_pb_contact_form][\/et_pb_column][\/et_pb_row][\/et_pb_section]<\/p>\n","protected":false},"excerpt":{"rendered":"<p>Durch das ESF+ Programm 2021-2027, die Italienische Republik und die autonome Provinz Bozen \u2013 S\u00fcdtirol im Rahmen des \u00f6ffentlichen Aufrufes &#8222;Weiterbildungsma\u00dfnahmen zur Vorbereitung von Privatisten und Privatistinnen auf die berufliche Qualifikation als Pflegehelferin und Pflegehelfer \u2013 Jahr 2024\/2025&#8220;, Priorit\u00e0 3 Soziale Inklusion \u2013 Spezifisches Ziel k PR ESF+ 2021-2027 vom 30\/05\/2024 &#8211; n. D240008119Projektnummer: ESF3_k2_0011 [&hellip;]<\/p>\n","protected":false},"author":1,"featured_media":0,"parent":0,"menu_order":0,"comment_status":"closed","ping_status":"closed","template":"","meta":{"_et_pb_use_builder":"on","_et_pb_old_content":"","_et_gb_content_width":"","cybocfi_hide_featured_image":"","footnotes":""},"class_list":["post-5305","page","type-page","status-publish","hentry"],"_links":{"self":[{"href":"https:\/\/www.forteam.it\/de\/wp-json\/wp\/v2\/pages\/5305","targetHints":{"allow":["GET"]}}],"collection":[{"href":"https:\/\/www.forteam.it\/de\/wp-json\/wp\/v2\/pages"}],"about":[{"href":"https:\/\/www.forteam.it\/de\/wp-json\/wp\/v2\/types\/page"}],"author":[{"embeddable":true,"href":"https:\/\/www.forteam.it\/de\/wp-json\/wp\/v2\/users\/1"}],"replies":[{"embeddable":true,"href":"https:\/\/www.forteam.it\/de\/wp-json\/wp\/v2\/comments?post=5305"}],"version-history":[{"count":2,"href":"https:\/\/www.forteam.it\/de\/wp-json\/wp\/v2\/pages\/5305\/revisions"}],"predecessor-version":[{"id":5307,"href":"https:\/\/www.forteam.it\/de\/wp-json\/wp\/v2\/pages\/5305\/revisions\/5307"}],"wp:attachment":[{"href":"https:\/\/www.forteam.it\/de\/wp-json\/wp\/v2\/media?parent=5305"}],"curies":[{"name":"wp","href":"https:\/\/api.w.org\/{rel}","templated":true}]}}