{"id":3166,"date":"2021-05-27T13:38:43","date_gmt":"2021-05-27T11:38:43","guid":{"rendered":"https:\/\/www.forteam.it\/referenzen\/"},"modified":"2021-05-27T13:38:52","modified_gmt":"2021-05-27T11:38:52","slug":"referenzen","status":"publish","type":"page","link":"https:\/\/www.forteam.it\/de\/referenzen\/","title":{"rendered":"Referenzen"},"content":{"rendered":"<p>[et_pb_section fb_built=&#8220;1&#8243; _builder_version=&#8220;4.9.4&#8243; _module_preset=&#8220;default&#8220; background_enable_image=&#8220;off&#8220; parallax=&#8220;on&#8220;][et_pb_row module_id=&#8220;I_nostri_partner&#8220; _builder_version=&#8220;4.9.3&#8243; _module_preset=&#8220;default&#8220; min_height=&#8220;142px&#8220;][et_pb_column type=&#8220;4_4&#8243; _builder_version=&#8220;4.9.3&#8243; _module_preset=&#8220;default&#8220;][et_pb_text module_id=&#8220;I_nostri_partner&#8220; _builder_version=&#8220;4.9.4&#8243; _module_preset=&#8220;default&#8220; text_letter_spacing=&#8220;1px&#8220; custom_padding=&#8220;||5px|||&#8220;]<\/p>\n<h2>Unsere Partner<\/h2>\n<p><span class=\"JsGRdQ\">Seit 10 Jahren stehen wir den S\u00fcdtiroler Unternehmen zur Seite und pflegen stabile und wichtige Beziehungen mit unseren Partnern. Die Weiterbildung im Beruf und das Netzwerk von Kenntnissen\/Kompetenzen stellt heute einen strategischen Impuls f\u00fcr die Entwicklung und Wertesch\u00f6pfung f\u00fcr Individuum und Gebiet dar.<\/span><\/p>\n<p>[\/et_pb_text][\/et_pb_column][\/et_pb_row][et_pb_row column_structure=&#8220;1_4,1_4,1_4,1_4&#8243; make_equal=&#8220;on&#8220; _builder_version=&#8220;4.9.3&#8243; _module_preset=&#8220;default&#8220; width=&#8220;100%&#8220; module_alignment=&#8220;center&#8220; custom_margin=&#8220;10px||10px||true|false&#8220;][et_pb_column type=&#8220;1_4&#8243; _builder_version=&#8220;4.9.3&#8243; _module_preset=&#8220;default&#8220;][et_pb_image src=&#8220;https:\/\/www.forteam.it\/wp-content\/uploads\/2018\/08\/hotelunion-1.png&#8220; title_text=&#8220;hotelunion&#8220; url=&#8220;https:\/\/www.hotelunion.it\/&#8220; url_new_window=&#8220;on&#8220; align=&#8220;center&#8220; _builder_version=&#8220;4.9.4&#8243; _module_preset=&#8220;default&#8220; width=&#8220;100%&#8220;][\/et_pb_image][\/et_pb_column][et_pb_column type=&#8220;1_4&#8243; _builder_version=&#8220;4.9.3&#8243; _module_preset=&#8220;default&#8220;][et_pb_image src=&#8220;https:\/\/www.forteam.it\/wp-content\/uploads\/2018\/08\/hotelpreidlhof-1.png&#8220; title_text=&#8220;hotelpreidlhof&#8220; url=&#8220;https:\/\/www.preidlhof.it\/&#8220; url_new_window=&#8220;on&#8220; align=&#8220;center&#8220; _builder_version=&#8220;4.9.4&#8243; _module_preset=&#8220;default&#8220; width=&#8220;100%&#8220;][\/et_pb_image][\/et_pb_column][et_pb_column type=&#8220;1_4&#8243; _builder_version=&#8220;4.9.3&#8243; _module_preset=&#8220;default&#8220;][et_pb_image src=&#8220;https:\/\/www.forteam.it\/wp-content\/uploads\/2018\/08\/hoteljosef-1.png&#8220; title_text=&#8220;hoteljosef&#8220; url=&#8220;https:\/\/www.josef.bz\/it\/hotel-avelengo\/1-0.html?gclid=Cj0KCQjw1PSDBhDbARIsAPeTqre9FuBejxQFTcAzSD_aN4EwzAy2VZWHoVcYQ8tbr1Z3kfCDV_DeqU4aAgRaEALw_wcB&#8220; url_new_window=&#8220;on&#8220; align=&#8220;center&#8220; _builder_version=&#8220;4.9.4&#8243; _module_preset=&#8220;default&#8220; width=&#8220;100%&#8220;][\/et_pb_image][\/et_pb_column][et_pb_column type=&#8220;1_4&#8243; _builder_version=&#8220;4.9.3&#8243; _module_preset=&#8220;default&#8220;][et_pb_image src=&#8220;https:\/\/www.forteam.it\/wp-content\/uploads\/2015\/06\/Forch.jpg&#8220; title_text=&#8220;Forch&#8220; url=&#8220;https:\/\/www.forch.it\/&#8220; url_new_window=&#8220;on&#8220; align=&#8220;center&#8220; force_fullwidth=&#8220;on&#8220; _builder_version=&#8220;4.9.4&#8243; _module_preset=&#8220;default&#8220; custom_padding=&#8220;51px||||false|false&#8220;][\/et_pb_image][\/et_pb_column][\/et_pb_row][et_pb_row column_structure=&#8220;1_4,1_4,1_4,1_4&#8243; _builder_version=&#8220;4.9.3&#8243; _module_preset=&#8220;default&#8220; custom_margin=&#8220;10px||10px||true|false&#8220;][et_pb_column type=&#8220;1_4&#8243; _builder_version=&#8220;4.9.3&#8243; _module_preset=&#8220;default&#8220;][et_pb_image src=&#8220;https:\/\/www.forteam.it\/wp-content\/uploads\/2018\/08\/vog.png&#8220; title_text=&#8220;vog&#8220; url=&#8220;https:\/\/www.vog-products.it\/de\/&#8220; url_new_window=&#8220;on&#8220; align=&#8220;center&#8220; force_fullwidth=&#8220;on&#8220; _builder_version=&#8220;4.9.4&#8243; _module_preset=&#8220;default&#8220;][\/et_pb_image][\/et_pb_column][et_pb_column type=&#8220;1_4&#8243; _builder_version=&#8220;4.9.3&#8243; _module_preset=&#8220;default&#8220;][et_pb_image src=&#8220;https:\/\/www.forteam.it\/wp-content\/uploads\/2015\/06\/hbadcortina1.jpg&#8220; title_text=&#8220;hbadcortina&#8220; url=&#8220;https:\/\/www.aquabadcortina.it\/it\/aqua-bad-cortina-p1125.html&#8220; url_new_window=&#8220;on&#8220; align=&#8220;center&#8220; force_fullwidth=&#8220;on&#8220; _builder_version=&#8220;4.9.4&#8243; _module_preset=&#8220;default&#8220;][\/et_pb_image][\/et_pb_column][et_pb_column type=&#8220;1_4&#8243; _builder_version=&#8220;4.9.3&#8243; _module_preset=&#8220;default&#8220;][et_pb_image src=&#8220;https:\/\/www.forteam.it\/wp-content\/uploads\/2015\/06\/hbad-bergfall.jpg&#8220; title_text=&#8220;hbad-bergfall&#8220; url=&#8220;https:\/\/www.badbergfall.com\/it\/&#8220; url_new_window=&#8220;on&#8220; align=&#8220;center&#8220; _builder_version=&#8220;4.9.4&#8243; _module_preset=&#8220;default&#8220; module_alignment=&#8220;center&#8220; custom_padding=&#8220;30px||||false|false&#8220;][\/et_pb_image][\/et_pb_column][et_pb_column type=&#8220;1_4&#8243; _builder_version=&#8220;4.9.3&#8243; _module_preset=&#8220;default&#8220;][et_pb_image src=&#8220;https:\/\/www.forteam.it\/wp-content\/uploads\/2018\/08\/fondazionehaydn-1.jpg&#8220; title_text=&#8220;fondazionehaydn&#8220; url=&#8220;https:\/\/www.haydn.it\/&#8220; url_new_window=&#8220;on&#8220; align=&#8220;center&#8220; force_fullwidth=&#8220;on&#8220; _builder_version=&#8220;4.9.4&#8243; _module_preset=&#8220;default&#8220; custom_margin=&#8220;|0px|||false|false&#8220; custom_padding=&#8220;|0px|||false|false&#8220;][\/et_pb_image][\/et_pb_column][\/et_pb_row][et_pb_row column_structure=&#8220;1_4,1_4,1_4,1_4&#8243; make_equal=&#8220;on&#8220; _builder_version=&#8220;4.9.3&#8243; _module_preset=&#8220;default&#8220; custom_margin=&#8220;10px||10px||true|false&#8220;][et_pb_column type=&#8220;1_4&#8243; _builder_version=&#8220;4.9.3&#8243; _module_preset=&#8220;default&#8220;][et_pb_image src=&#8220;https:\/\/www.forteam.it\/wp-content\/uploads\/2019\/04\/hotelalmhof.jpg&#8220; title_text=&#8220;hotelalmhof&#8220; url=&#8220;https:\/\/www.almhof-call.com\/it\/hotel-san-vigilio-di-marebbe\/1-0.html&#8220; url_new_window=&#8220;on&#8220; align=&#8220;center&#8220; _builder_version=&#8220;4.9.4&#8243; _module_preset=&#8220;default&#8220;][\/et_pb_image][\/et_pb_column][et_pb_column type=&#8220;1_4&#8243; _builder_version=&#8220;4.9.3&#8243; _module_preset=&#8220;default&#8220;][et_pb_image src=&#8220;https:\/\/www.forteam.it\/wp-content\/uploads\/2018\/08\/call-1.png&#8220; title_text=&#8220;call&#8220; url=&#8220;https:\/\/www.coopcall.it\/index.php\/it\/assistenza-domiciliare&#8220; url_new_window=&#8220;on&#8220; align=&#8220;center&#8220; _builder_version=&#8220;4.9.4&#8243; _module_preset=&#8220;default&#8220; custom_margin=&#8220;40px||||false|false&#8220;][\/et_pb_image][\/et_pb_column][et_pb_column type=&#8220;1_4&#8243; _builder_version=&#8220;4.9.3&#8243; _module_preset=&#8220;default&#8220;][et_pb_image src=&#8220;https:\/\/www.forteam.it\/wp-content\/uploads\/2018\/08\/grw-1.png&#8220; title_text=&#8220;grw&#8220; url=&#8220;http:\/\/www.grw.sarntal.com\/&#8220; url_new_window=&#8220;on&#8220; align=&#8220;center&#8220; force_fullwidth=&#8220;on&#8220; _builder_version=&#8220;4.9.4&#8243; _module_preset=&#8220;default&#8220; custom_padding=&#8220;60px||||false|false&#8220;][\/et_pb_image][\/et_pb_column][et_pb_column type=&#8220;1_4&#8243; _builder_version=&#8220;4.9.3&#8243; _module_preset=&#8220;default&#8220;][et_pb_image src=&#8220;https:\/\/www.forteam.it\/wp-content\/uploads\/2019\/04\/gardena.png&#8220; title_text=&#8220;gardena&#8220; url=&#8220;https:\/\/www.gardena.it\/en\/&#8220; url_new_window=&#8220;on&#8220; align=&#8220;center&#8220; force_fullwidth=&#8220;on&#8220; _builder_version=&#8220;4.9.4&#8243; _module_preset=&#8220;default&#8220;][\/et_pb_image][\/et_pb_column][\/et_pb_row][et_pb_row column_structure=&#8220;1_4,1_4,1_4,1_4&#8243; make_equal=&#8220;on&#8220; _builder_version=&#8220;4.9.3&#8243; _module_preset=&#8220;default&#8220; custom_margin=&#8220;10px||10px||true|false&#8220;][et_pb_column type=&#8220;1_4&#8243; _builder_version=&#8220;4.9.3&#8243; _module_preset=&#8220;default&#8220;][et_pb_image src=&#8220;https:\/\/www.forteam.it\/wp-content\/uploads\/2019\/04\/sonnenhof.png.jpg&#8220; title_text=&#8220;sonnenhof.png&#8220; url=&#8220;http:\/\/www.hotelsonnenhof.it\/deu\/&#8220; url_new_window=&#8220;on&#8220; align=&#8220;center&#8220; _builder_version=&#8220;4.9.4&#8243; _module_preset=&#8220;default&#8220;][\/et_pb_image][\/et_pb_column][et_pb_column type=&#8220;1_4&#8243; _builder_version=&#8220;4.9.3&#8243; _module_preset=&#8220;default&#8220;][et_pb_image src=&#8220;https:\/\/www.forteam.it\/wp-content\/uploads\/2019\/04\/marlena.png&#8220; title_text=&#8220;marlena&#8220; url=&#8220;https:\/\/www.marlena.it\/it\/?gclid=Cj0KCQjw1PSDBhDbARIsAPeTqreejTnB28FVysW1Fdw1w6rzgH4kR-PriwGwW6jbwPQ0VMcCq4vW-9QaAqKuEALw_wcB&#8220; url_new_window=&#8220;on&#8220; align=&#8220;center&#8220; force_fullwidth=&#8220;on&#8220; _builder_version=&#8220;4.9.4&#8243; _module_preset=&#8220;default&#8220; custom_margin=&#8220;10px||||false|false&#8220;][\/et_pb_image][\/et_pb_column][et_pb_column type=&#8220;1_4&#8243; _builder_version=&#8220;4.9.3&#8243; _module_preset=&#8220;default&#8220;][et_pb_image src=&#8220;https:\/\/www.forteam.it\/wp-content\/uploads\/2019\/04\/lindenhof.png&#8220; title_text=&#8220;lindenhof&#8220; url=&#8220;https:\/\/www.lindenhof.it\/it\/&#8220; url_new_window=&#8220;on&#8220; align=&#8220;center&#8220; _builder_version=&#8220;4.9.4&#8243; _module_preset=&#8220;default&#8220; width=&#8220;82%&#8220;][\/et_pb_image][\/et_pb_column][et_pb_column type=&#8220;1_4&#8243; _builder_version=&#8220;4.9.3&#8243; _module_preset=&#8220;default&#8220;][et_pb_image src=&#8220;https:\/\/www.forteam.it\/wp-content\/uploads\/2019\/04\/studiomisign.png.jpg&#8220; title_text=&#8220;studiomisign.png&#8220; url=&#8220;https:\/\/www.kronplatz.com\/it\/infrastruttura\/misign+studio+grafico_i-342502&#8243; url_new_window=&#8220;on&#8220; align=&#8220;center&#8220; _builder_version=&#8220;4.9.4&#8243; _module_preset=&#8220;default&#8220; width=&#8220;90%&#8220;][\/et_pb_image][\/et_pb_column][\/et_pb_row][et_pb_row column_structure=&#8220;1_4,1_4,1_4,1_4&#8243; make_equal=&#8220;on&#8220; _builder_version=&#8220;4.9.3&#8243; _module_preset=&#8220;default&#8220; custom_margin=&#8220;10px||10px||true|false&#8220;][et_pb_column type=&#8220;1_4&#8243; _builder_version=&#8220;4.9.3&#8243; _module_preset=&#8220;default&#8220;][et_pb_image src=&#8220;https:\/\/www.forteam.it\/wp-content\/uploads\/2019\/04\/feuerstein.png&#8220; title_text=&#8220;feuerstein&#8220; url=&#8220;https:\/\/www.feuerstein.info\/it\/&#8220; url_new_window=&#8220;on&#8220; align=&#8220;center&#8220; force_fullwidth=&#8220;on&#8220; _builder_version=&#8220;4.9.4&#8243; _module_preset=&#8220;default&#8220; background_color=&#8220;#7a7a7a&#8220; custom_margin=&#8220;27px||||false|false&#8220;][\/et_pb_image][et_pb_image src=&#8220;https:\/\/www.forteam.it\/wp-content\/uploads\/2019\/04\/feuerstein.png&#8220; title_text=&#8220;feuerstein&#8220; align=&#8220;center&#8220; force_fullwidth=&#8220;on&#8220; _builder_version=&#8220;4.9.3&#8243; _module_preset=&#8220;default&#8220; custom_margin=&#8220;27px||||false|false&#8220;][\/et_pb_image][\/et_pb_column][et_pb_column type=&#8220;1_4&#8243; _builder_version=&#8220;4.9.3&#8243; _module_preset=&#8220;default&#8220;][et_pb_image src=&#8220;https:\/\/www.forteam.it\/wp-content\/uploads\/2018\/08\/stg.png&#8220; title_text=&#8220;stg&#8220; url=&#8220;https:\/\/www.stg.bz.it\/it\/&#8220; url_new_window=&#8220;on&#8220; align=&#8220;center&#8220; _builder_version=&#8220;4.9.4&#8243; _module_preset=&#8220;default&#8220; width=&#8220;100%&#8220; min_height=&#8220;100px&#8220;][\/et_pb_image][\/et_pb_column][et_pb_column type=&#8220;1_4&#8243; _builder_version=&#8220;4.9.3&#8243; _module_preset=&#8220;default&#8220;][et_pb_image src=&#8220;https:\/\/www.forteam.it\/wp-content\/uploads\/2019\/04\/bressanoneturismo.png.jpg&#8220; title_text=&#8220;bressanoneturismo.png&#8220; url=&#8220;https:\/\/www.brixen.org\/it\/plose.html&#8220; url_new_window=&#8220;on&#8220; align=&#8220;center&#8220; force_fullwidth=&#8220;on&#8220; _builder_version=&#8220;4.9.4&#8243; _module_preset=&#8220;default&#8220; custom_margin=&#8220;21px||||false|false&#8220;][\/et_pb_image][\/et_pb_column][et_pb_column type=&#8220;1_4&#8243; _builder_version=&#8220;4.9.3&#8243; _module_preset=&#8220;default&#8220;][et_pb_image src=&#8220;https:\/\/www.forteam.it\/wp-content\/uploads\/2019\/04\/alpin.png&#8220; title_text=&#8220;alpin&#8220; url=&#8220;https:\/\/www.hotelalpin.it\/it&#8220; url_new_window=&#8220;on&#8220; align=&#8220;center&#8220; _builder_version=&#8220;4.9.4&#8243; _module_preset=&#8220;default&#8220; width=&#8220;94%&#8220;][\/et_pb_image][\/et_pb_column][\/et_pb_row][et_pb_row column_structure=&#8220;1_4,1_4,1_4,1_4&#8243; _builder_version=&#8220;4.9.3&#8243; _module_preset=&#8220;default&#8220; custom_margin=&#8220;10px||10px||true|false&#8220;][et_pb_column type=&#8220;1_4&#8243; _builder_version=&#8220;4.9.3&#8243; _module_preset=&#8220;default&#8220;][et_pb_image src=&#8220;https:\/\/www.forteam.it\/wp-content\/uploads\/2018\/08\/gourmetsinternational-1.png&#8220; title_text=&#8220;gourmetsinternational&#8220; url=&#8220;https:\/\/www.gourmets.international\/&#8220; url_new_window=&#8220;on&#8220; align=&#8220;center&#8220; force_fullwidth=&#8220;on&#8220; _builder_version=&#8220;4.9.4&#8243; _module_preset=&#8220;default&#8220; custom_padding=&#8220;||0px|||&#8220;][\/et_pb_image][\/et_pb_column][et_pb_column type=&#8220;1_4&#8243; _builder_version=&#8220;4.9.3&#8243; _module_preset=&#8220;default&#8220;][et_pb_image src=&#8220;https:\/\/www.forteam.it\/wp-content\/uploads\/2019\/04\/turm.png&#8220; title_text=&#8220;turm&#8220; url=&#8220;https:\/\/www.hotelturm.it\/it\/hotel-fie-allo-sciliar.html&#8220; url_new_window=&#8220;on&#8220; align=&#8220;center&#8220; _builder_version=&#8220;4.9.4&#8243; _module_preset=&#8220;default&#8220;][\/et_pb_image][\/et_pb_column][et_pb_column type=&#8220;1_4&#8243; _builder_version=&#8220;4.9.3&#8243; _module_preset=&#8220;default&#8220;][et_pb_image src=&#8220;https:\/\/www.forteam.it\/wp-content\/uploads\/2015\/06\/ewo.jpg&#8220; title_text=&#8220;ewo&#8220; url=&#8220;https:\/\/ewo-stuttgart.de\/&#8220; url_new_window=&#8220;on&#8220; align=&#8220;center&#8220; _builder_version=&#8220;4.9.4&#8243; _module_preset=&#8220;default&#8220;][\/et_pb_image][\/et_pb_column][et_pb_column type=&#8220;1_4&#8243; _builder_version=&#8220;4.9.3&#8243; _module_preset=&#8220;default&#8220;][et_pb_image src=&#8220;https:\/\/www.forteam.it\/wp-content\/uploads\/2015\/06\/flora_logo.jpg&#8220; title_text=&#8220;flora_logo&#8220; url=&#8220;https:\/\/www.hotelsmerano.it\/de\/hotel-flora-meran\/&#8220; url_new_window=&#8220;on&#8220; align=&#8220;center&#8220; _builder_version=&#8220;4.9.4&#8243; _module_preset=&#8220;default&#8220;][\/et_pb_image][\/et_pb_column][\/et_pb_row][et_pb_row column_structure=&#8220;1_4,1_4,1_4,1_4&#8243; _builder_version=&#8220;4.9.3&#8243; _module_preset=&#8220;default&#8220;][et_pb_column type=&#8220;1_4&#8243; _builder_version=&#8220;4.9.3&#8243; _module_preset=&#8220;default&#8220;][\/et_pb_column][et_pb_column type=&#8220;1_4&#8243; _builder_version=&#8220;4.9.3&#8243; _module_preset=&#8220;default&#8220;][et_pb_image src=&#8220;https:\/\/www.forteam.it\/wp-content\/uploads\/2019\/04\/excelsior.png&#8220; title_text=&#8220;excelsior&#8220; url=&#8220;https:\/\/www.myexcelsior.com\/&#8220; url_new_window=&#8220;on&#8220; align=&#8220;center&#8220; _builder_version=&#8220;4.9.4&#8243; _module_preset=&#8220;default&#8220;][\/et_pb_image][\/et_pb_column][et_pb_column type=&#8220;1_4&#8243; _builder_version=&#8220;4.9.3&#8243; _module_preset=&#8220;default&#8220;][et_pb_image src=&#8220;https:\/\/www.forteam.it\/wp-content\/uploads\/2019\/04\/chryshotel.png&#8220; title_text=&#8220;chryshotel&#8220; url=&#8220;http:\/\/www.chryshotel.it\/gallery.php?id=4&#8243; url_new_window=&#8220;on&#8220; align=&#8220;center&#8220; _builder_version=&#8220;4.9.4&#8243; _module_preset=&#8220;default&#8220;][\/et_pb_image][\/et_pb_column][et_pb_column type=&#8220;1_4&#8243; _builder_version=&#8220;4.9.3&#8243; _module_preset=&#8220;default&#8220;][\/et_pb_column][\/et_pb_row][\/et_pb_section][et_pb_section fb_built=&#8220;1&#8243; _builder_version=&#8220;4.9.4&#8243; _module_preset=&#8220;default&#8220; background_image=&#8220;https:\/\/www.forteam.it\/wp-content\/uploads\/2015\/06\/Slider_ForTeam_Studio_1-1024&#215;3641.jpg&#8220; parallax=&#8220;on&#8220;][et_pb_row _builder_version=&#8220;4.9.3&#8243; _module_preset=&#8220;default&#8220; custom_padding=&#8220;0px|||||&#8220;][et_pb_column type=&#8220;4_4&#8243; _builder_version=&#8220;4.9.3&#8243; _module_preset=&#8220;default&#8220;][et_pb_text _builder_version=&#8220;4.9.4&#8243; _module_preset=&#8220;default&#8220; text_letter_spacing=&#8220;1px&#8220;]<\/p>\n<h2><span class=\"JsGRdQ\">Wen wir unterst\u00fctzen<\/span><\/h2>\n<p class=\"_04xlpA direction-ltr align-start para-style-body\">Unsere Arbeit macht uns zu bewussten und verantwortlichen Akteuren. Wir glauben an und unterst\u00fctzen die soziale Entwicklung im Gebiet.<\/p>\n<p>[\/et_pb_text][\/et_pb_column][\/et_pb_row][et_pb_row column_structure=&#8220;1_2,1_2&#8243; make_equal=&#8220;on&#8220; _builder_version=&#8220;4.9.3&#8243; _module_preset=&#8220;default&#8220; module_alignment=&#8220;center&#8220; custom_margin=&#8220;10px||10px||true|false&#8220;][et_pb_column type=&#8220;1_2&#8243; _builder_version=&#8220;4.9.3&#8243; _module_preset=&#8220;default&#8220;][et_pb_image src=&#8220;https:\/\/www.forteam.it\/wp-content\/uploads\/2019\/11\/logo-rainerum.png&#8220; title_text=&#8220;logo-rainerum&#8220; url=&#8220;https:\/\/www.rainerum.it\/&#8220; url_new_window=&#8220;on&#8220; align=&#8220;center&#8220; _builder_version=&#8220;4.9.4&#8243; _module_preset=&#8220;default&#8220; width=&#8220;100%&#8220; max_width=&#8220;100%&#8220; min_height=&#8220;100px&#8220; height=&#8220;156px&#8220; max_height=&#8220;1000px&#8220;][\/et_pb_image][\/et_pb_column][et_pb_column type=&#8220;1_2&#8243; _builder_version=&#8220;4.9.3&#8243; _module_preset=&#8220;default&#8220;][et_pb_image src=&#8220;https:\/\/www.forteam.it\/wp-content\/uploads\/2021\/04\/fonda-2.png&#8220; title_text=&#8220;fonda-2&#8243; url=&#8220;https:\/\/www.fondazionetrentinaautismo.it\/it\/&#8220; url_new_window=&#8220;on&#8220; align=&#8220;center&#8220; _builder_version=&#8220;4.9.4&#8243; _module_preset=&#8220;default&#8220; width=&#8220;100%&#8220; min_height=&#8220;100px&#8220;][\/et_pb_image][\/et_pb_column][\/et_pb_row][et_pb_row column_structure=&#8220;1_2,1_2&#8243; _builder_version=&#8220;4.9.3&#8243; _module_preset=&#8220;default&#8220; custom_margin=&#8220;10px||10px||true|false&#8220;][et_pb_column type=&#8220;1_2&#8243; _builder_version=&#8220;4.9.3&#8243; _module_preset=&#8220;default&#8220;][et_pb_image src=&#8220;https:\/\/www.forteam.it\/wp-content\/uploads\/2015\/04\/kiva_121x64.png&#8220; title_text=&#8220;kiva_121x64&#8243; url=&#8220;https:\/\/www.kiva.org\/&#8220; url_new_window=&#8220;on&#8220; align=&#8220;center&#8220; _builder_version=&#8220;4.9.4&#8243; _module_preset=&#8220;default&#8220; min_height=&#8220;100px&#8220; height=&#8220;100px&#8220; max_height=&#8220;100px&#8220;][\/et_pb_image][\/et_pb_column][et_pb_column type=&#8220;1_2&#8243; _builder_version=&#8220;4.9.3&#8243; _module_preset=&#8220;default&#8220;][et_pb_image src=&#8220;https:\/\/www.forteam.it\/wp-content\/uploads\/2021\/04\/tedx-trento2.png&#8220; title_text=&#8220;tedx-trento2&#8243; url=&#8220;http:\/\/tedxtrento.com\/&#8220; url_new_window=&#8220;on&#8220; align=&#8220;center&#8220; _builder_version=&#8220;4.9.4&#8243; _module_preset=&#8220;default&#8220; width=&#8220;70%&#8220; max_width=&#8220;99%&#8220; min_height=&#8220;100px&#8220; custom_margin=&#8220;-10px||-10px||true|false&#8220; custom_padding=&#8220;10px||10px||true|false&#8220; hover_enabled=&#8220;0&#8243; sticky_enabled=&#8220;0&#8243;][\/et_pb_image][\/et_pb_column][\/et_pb_row][\/et_pb_section]<\/p>\n","protected":false},"excerpt":{"rendered":"<p>Unsere Partner Seit 10 Jahren stehen wir den S\u00fcdtiroler Unternehmen zur Seite und pflegen stabile und wichtige Beziehungen mit unseren Partnern. Die Weiterbildung im Beruf und das Netzwerk von Kenntnissen\/Kompetenzen stellt heute einen strategischen Impuls f\u00fcr die Entwicklung und Wertesch\u00f6pfung f\u00fcr Individuum und Gebiet dar.Wen wir unterst\u00fctzen Unsere Arbeit macht uns zu bewussten und verantwortlichen [&hellip;]<\/p>\n","protected":false},"author":2,"featured_media":0,"parent":0,"menu_order":0,"comment_status":"closed","ping_status":"closed","template":"","meta":{"_et_pb_use_builder":"on","_et_pb_old_content":"","_et_gb_content_width":"","cybocfi_hide_featured_image":"","footnotes":""},"class_list":["post-3166","page","type-page","status-publish","hentry"],"_links":{"self":[{"href":"https:\/\/www.forteam.it\/de\/wp-json\/wp\/v2\/pages\/3166","targetHints":{"allow":["GET"]}}],"collection":[{"href":"https:\/\/www.forteam.it\/de\/wp-json\/wp\/v2\/pages"}],"about":[{"href":"https:\/\/www.forteam.it\/de\/wp-json\/wp\/v2\/types\/page"}],"author":[{"embeddable":true,"href":"https:\/\/www.forteam.it\/de\/wp-json\/wp\/v2\/users\/2"}],"replies":[{"embeddable":true,"href":"https:\/\/www.forteam.it\/de\/wp-json\/wp\/v2\/comments?post=3166"}],"version-history":[{"count":2,"href":"https:\/\/www.forteam.it\/de\/wp-json\/wp\/v2\/pages\/3166\/revisions"}],"predecessor-version":[{"id":3168,"href":"https:\/\/www.forteam.it\/de\/wp-json\/wp\/v2\/pages\/3166\/revisions\/3168"}],"wp:attachment":[{"href":"https:\/\/www.forteam.it\/de\/wp-json\/wp\/v2\/media?parent=3166"}],"curies":[{"name":"wp","href":"https:\/\/api.w.org\/{rel}","templated":true}]}}