{"id":2024,"date":"2021-02-08T13:20:12","date_gmt":"2021-02-08T12:20:12","guid":{"rendered":"https:\/\/www.forteam.it\/?page_id=2024"},"modified":"2022-01-10T12:44:57","modified_gmt":"2022-01-10T11:44:57","slug":"unsere-bereiche","status":"publish","type":"page","link":"https:\/\/www.forteam.it\/de\/unsere-bereiche\/","title":{"rendered":"Unsere Bereiche"},"content":{"rendered":"<p>[et_pb_section fb_built=&#8220;1&#8243; custom_padding_last_edited=&#8220;on|desktop&#8220; admin_label=&#8220;section&#8220; _builder_version=&#8220;3.22&#8243; background_color=&#8220;#ffffff&#8220; background_image=&#8220;http:\/\/www.forteam.it\/\/wp-content\/uploads\/2015\/06\/Slider_ForTeam_Studio_3-1024&#215;3641.jpg&#8220; parallax=&#8220;on&#8220; parallax_method=&#8220;off&#8220; custom_padding_tablet=&#8220;50px|0|50px|0&#8243; custom_padding_phone=&#8220;&#8220; transparent_background=&#8220;off&#8220; padding_mobile=&#8220;off&#8220; global_colors_info=&#8220;{}&#8220;][et_pb_row admin_label=&#8220;row&#8220; _builder_version=&#8220;3.25&#8243; background_size=&#8220;initial&#8220; background_position=&#8220;top_left&#8220; background_repeat=&#8220;repeat&#8220; global_colors_info=&#8220;{}&#8220;][et_pb_column type=&#8220;4_4&#8243; _builder_version=&#8220;3.25&#8243; custom_padding=&#8220;|||&#8220; global_colors_info=&#8220;{}&#8220; custom_padding__hover=&#8220;|||&#8220;][et_pb_text admin_label=&#8220;Cosa facciamo&#8220; module_id=&#8220;Cosafacciamo&#8220; _builder_version=&#8220;3.27.4&#8243; background_size=&#8220;initial&#8220; background_position=&#8220;top_left&#8220; background_repeat=&#8220;repeat&#8220; global_colors_info=&#8220;{}&#8220;]<\/p>\n<h1>Our areas<\/h1>\n<p>[\/et_pb_text][\/et_pb_column][\/et_pb_row][et_pb_row admin_label=&#8220;row&#8220; _builder_version=&#8220;3.25&#8243; background_size=&#8220;initial&#8220; background_position=&#8220;top_left&#8220; background_repeat=&#8220;repeat&#8220; global_colors_info=&#8220;{}&#8220;][et_pb_column type=&#8220;4_4&#8243; _builder_version=&#8220;3.25&#8243; custom_padding=&#8220;|||&#8220; global_colors_info=&#8220;{}&#8220; custom_padding__hover=&#8220;|||&#8220;][et_pb_text admin_label=&#8220;Formazione&#8220; module_id=&#8220;Formazione&#8220; _builder_version=&#8220;3.27.4&#8243; background_size=&#8220;initial&#8220; background_position=&#8220;top_left&#8220; background_repeat=&#8220;repeat&#8220; global_colors_info=&#8220;{}&#8220;]<\/p>\n<div id=\"Training\" class=\"et_pb_module et_pb_text et_pb_text_4 et_pb_bg_layout_light  et_pb_text_align_left\">\n<div class=\"et_pb_text_inner\">\n<h2>Training<\/h2>\n<p>We follow the customer in every phase of the planning and implementation of training projects for the individual and professional development of all levels of the company:<\/p>\n<ul>\n<li>Analysis of training needs<\/li>\n<li>Research and analysis of calls and the possibility of co-financing<\/li>\n<li>Assistance and advice in the accreditation procedures for access to public financing in the training scope<\/li>\n<li>Locating pool of professional trainers on the basis of the identified needs<\/li>\n<li>Drafting of training plans and related projects<\/li>\n<li>Organisation, management and reporting of funding<\/li>\n<li>Coordination, tutoring and monitoring of activities<\/li>\n<li>Personal and professional empowerment<\/li>\n<li>Constant quality control of the entire training process<\/li>\n<li>Evaluation of the training effectiveness<\/li>\n<li>Secretarial and administrative activities<\/li>\n<\/ul>\n<\/div>\n<\/div>\n<p>[\/et_pb_text][\/et_pb_column][\/et_pb_row][et_pb_row admin_label=&#8220;row&#8220; _builder_version=&#8220;3.25&#8243; background_size=&#8220;initial&#8220; background_position=&#8220;top_left&#8220; background_repeat=&#8220;repeat&#8220; global_colors_info=&#8220;{}&#8220;][et_pb_column type=&#8220;4_4&#8243; _builder_version=&#8220;3.25&#8243; custom_padding=&#8220;|||&#8220; global_colors_info=&#8220;{}&#8220; custom_padding__hover=&#8220;|||&#8220;][et_pb_text admin_label=&#8220;Ricerca e innovazione&#8220; module_id=&#8220;Ricercaeinnovazione&#8220; _builder_version=&#8220;3.27.4&#8243; background_size=&#8220;initial&#8220; background_position=&#8220;top_left&#8220; background_repeat=&#8220;repeat&#8220; global_colors_info=&#8220;{}&#8220;]<\/p>\n<div id=\"Researchandinnovation\" class=\"et_pb_module et_pb_text et_pb_text_5 et_pb_bg_layout_light  et_pb_text_align_left\">\n<div class=\"et_pb_text_inner\">\n<h2>Research and Innovation<\/h2>\n<p>We support organisations in the identification and development of innovative ideas and experimentation with new approaches, new processes and products.<\/p>\n<ul>\n<li>Analysis of the organization\u2019s development potential<\/li>\n<li>Analysis of the areas of innovation (product, process, market, organisational)<\/li>\n<li>Research and analysis of calls and the possibility of co-funding for industrial research and experimental development<\/li>\n<\/ul>\n<\/div>\n<\/div>\n<p>[\/et_pb_text][\/et_pb_column][\/et_pb_row][et_pb_row admin_label=&#8220;row&#8220; _builder_version=&#8220;3.25&#8243; background_size=&#8220;initial&#8220; background_position=&#8220;top_left&#8220; background_repeat=&#8220;repeat&#8220; global_colors_info=&#8220;{}&#8220;][et_pb_column type=&#8220;4_4&#8243; _builder_version=&#8220;3.25&#8243; custom_padding=&#8220;|||&#8220; global_colors_info=&#8220;{}&#8220; custom_padding__hover=&#8220;|||&#8220;][et_pb_text admin_label=&#8220;Finanziamenti&#8220; module_id=&#8220;Finanziamenti&#8220; _builder_version=&#8220;3.27.4&#8243; background_size=&#8220;initial&#8220; background_position=&#8220;top_left&#8220; background_repeat=&#8220;repeat&#8220; global_colors_info=&#8220;{}&#8220;]<\/p>\n<div id=\"Funding\" class=\"et_pb_module et_pb_text et_pb_text_6 et_pb_bg_layout_light  et_pb_text_align_left\">\n<div class=\"et_pb_text_inner\">\n<h2>Funding<\/h2>\n<p>We want to support entrepreneurs and help them to take advantage of the various forms of assistance and support provided at EU, national and regional level.<\/p>\n<ul>\n<li>European Social Funds<\/li>\n<li>European Regional Development Funds<\/li>\n<li>Interprofessional funds<\/li>\n<li>INAIL funds<\/li>\n<li>Provincial funding for the Arts, Innovation and Cooperative<\/li>\n<li>PNRR &#8211; \u201enationalen Aufbau- und Resilienzplans\u201c<\/li>\n<\/ul>\n<\/div>\n<\/div>\n<p>[\/et_pb_text][\/et_pb_column][\/et_pb_row][et_pb_row admin_label=&#8220;row&#8220; _builder_version=&#8220;3.25&#8243; background_size=&#8220;initial&#8220; background_position=&#8220;top_left&#8220; background_repeat=&#8220;repeat&#8220; global_colors_info=&#8220;{}&#8220;][et_pb_column type=&#8220;4_4&#8243; _builder_version=&#8220;3.25&#8243; custom_padding=&#8220;|||&#8220; global_colors_info=&#8220;{}&#8220; custom_padding__hover=&#8220;|||&#8220;][et_pb_text admin_label=&#8220;Consulenza organizzativa&#8220; module_id=&#8220;Consulenzaorganizzativa&#8220; _builder_version=&#8220;3.27.4&#8243; background_size=&#8220;initial&#8220; background_position=&#8220;top_left&#8220; background_repeat=&#8220;repeat&#8220; global_colors_info=&#8220;{}&#8220;]<\/p>\n<div id=\"Organizationalconsulting\" class=\"et_pb_module et_pb_text et_pb_text_7 et_pb_bg_layout_light  et_pb_text_align_left\">\n<div class=\"et_pb_text_inner\">\n<h2>Organizational consulting<\/h2>\n<p>We support organisations in their development path and in the achievement of business objectives.<\/p>\n<ul>\n<li>Organisational climate analysis<\/li>\n<li>Mapping of potential and performance evaluation<\/li>\n<li>Quality certification assistance and advice<\/li>\n<li>Consultancy in fundraising procedures<\/li>\n<\/ul>\n<\/div>\n<\/div>\n<p>[\/et_pb_text][\/et_pb_column][\/et_pb_row][\/et_pb_section]<\/p>\n","protected":false},"excerpt":{"rendered":"<p>ForTeam, Firma aus Bozen, Bedarfsanalyse, Akkreditierung, Projektierung u. Ausf\u00fcllen der Ansuchen der Finanzierungsm\u00f6glichkeiten: Innovation, Europ\u00e4ischer Sozialfonds, Europ\u00e4ischer Fonds f\u00fcr regionale Entwicklung, Berufs\u00fcbergreifende Fonds, Verg\u00fcnstigungen LG 13\/97, Bildungsgutscheine LG 29\/77.<\/p>\n","protected":false},"author":1,"featured_media":0,"parent":0,"menu_order":0,"comment_status":"closed","ping_status":"closed","template":"","meta":{"_et_pb_use_builder":"on","_et_pb_old_content":"","_et_gb_content_width":"","cybocfi_hide_featured_image":"","footnotes":""},"class_list":["post-2024","page","type-page","status-publish","hentry"],"_links":{"self":[{"href":"https:\/\/www.forteam.it\/de\/wp-json\/wp\/v2\/pages\/2024","targetHints":{"allow":["GET"]}}],"collection":[{"href":"https:\/\/www.forteam.it\/de\/wp-json\/wp\/v2\/pages"}],"about":[{"href":"https:\/\/www.forteam.it\/de\/wp-json\/wp\/v2\/types\/page"}],"author":[{"embeddable":true,"href":"https:\/\/www.forteam.it\/de\/wp-json\/wp\/v2\/users\/1"}],"replies":[{"embeddable":true,"href":"https:\/\/www.forteam.it\/de\/wp-json\/wp\/v2\/comments?post=2024"}],"version-history":[{"count":5,"href":"https:\/\/www.forteam.it\/de\/wp-json\/wp\/v2\/pages\/2024\/revisions"}],"predecessor-version":[{"id":3584,"href":"https:\/\/www.forteam.it\/de\/wp-json\/wp\/v2\/pages\/2024\/revisions\/3584"}],"wp:attachment":[{"href":"https:\/\/www.forteam.it\/de\/wp-json\/wp\/v2\/media?parent=2024"}],"curies":[{"name":"wp","href":"https:\/\/api.w.org\/{rel}","templated":true}]}}